{"id":2,"date":"2022-03-17T11:03:17","date_gmt":"2022-03-17T10:03:17","guid":{"rendered":"https:\/\/adn56.net\/blogtest\/wordpress\/?page_id=2"},"modified":"2022-03-17T18:35:21","modified_gmt":"2022-03-17T17:35:21","slug":"page-d-exemple","status":"publish","type":"page","link":"https:\/\/adn56.net\/blogtest\/wordpress\/page-d-exemple\/","title":{"rendered":"A propos"},"content":{"rendered":"\n<p>Ce site a \u00e9t\u00e9 install\u00e9 lors d&rsquo;un atelier WordPress le 17 mars 2022.<\/p>\n\n\n\n<p>C&rsquo;est un blog des test \u00e0 but p\u00e9dagogique pour les adh\u00e9rents de l\u2019association.<\/p>\n\n\n\n<p>Nous contacter si besoin d&rsquo;un compte.<\/p>\n","protected":false},"excerpt":{"rendered":"<p>Ce site a \u00e9t\u00e9 install\u00e9 lors d&rsquo;un atelier WordPress le 17 mars 2022. C&rsquo;est un blog des test \u00e0 but p\u00e9dagogique pour les adh\u00e9rents de l\u2019association. Nous contacter si besoin d&rsquo;un compte.<\/p>\n","protected":false},"author":1,"featured_media":0,"parent":0,"menu_order":0,"comment_status":"closed","ping_status":"open","template":"","meta":{"footnotes":""},"class_list":["post-2","page","type-page","status-publish","hentry"],"_links":{"self":[{"href":"https:\/\/adn56.net\/blogtest\/wordpress\/wp-json\/wp\/v2\/pages\/2","targetHints":{"allow":["GET"]}}],"collection":[{"href":"https:\/\/adn56.net\/blogtest\/wordpress\/wp-json\/wp\/v2\/pages"}],"about":[{"href":"https:\/\/adn56.net\/blogtest\/wordpress\/wp-json\/wp\/v2\/types\/page"}],"author":[{"embeddable":true,"href":"https:\/\/adn56.net\/blogtest\/wordpress\/wp-json\/wp\/v2\/users\/1"}],"replies":[{"embeddable":true,"href":"https:\/\/adn56.net\/blogtest\/wordpress\/wp-json\/wp\/v2\/comments?post=2"}],"version-history":[{"count":2,"href":"https:\/\/adn56.net\/blogtest\/wordpress\/wp-json\/wp\/v2\/pages\/2\/revisions"}],"predecessor-version":[{"id":16,"href":"https:\/\/adn56.net\/blogtest\/wordpress\/wp-json\/wp\/v2\/pages\/2\/revisions\/16"}],"wp:attachment":[{"href":"https:\/\/adn56.net\/blogtest\/wordpress\/wp-json\/wp\/v2\/media?parent=2"}],"curies":[{"name":"wp","href":"https:\/\/api.w.org\/{rel}","templated":true}]}}