{"id":927,"date":"2018-04-17T18:51:57","date_gmt":"2018-04-17T16:51:57","guid":{"rendered":"http:\/\/adn56.net\/blog\/?page_id=927"},"modified":"2025-07-11T09:36:35","modified_gmt":"2025-07-11T07:36:35","slug":"adhesion","status":"publish","type":"page","link":"https:\/\/adn56.net\/blog\/index.php\/adhesion\/","title":{"rendered":"Adh\u00e9sion et cotisations"},"content":{"rendered":"\n<p>L&rsquo;adh\u00e9sion vous permet, en plus de nos services en ligne, d&rsquo;assister gratuitement \u00e0 tous les ateliers de votre choix.<\/p>\n\n\n\n<p>La cotisation annuelle a \u00e9t\u00e9 fix\u00e9e \u00e0 :<\/p>\n\n\n\n<ul class=\"wp-block-list\">\n<li>15\u20ac pour une adh\u00e9sion simple,<\/li>\n\n\n\n<li>25\u20ac pour une famille,<\/li>\n\n\n\n<li>5\u20ac pour demandeurs d&#8217;emploi et mineurs.<\/li>\n<\/ul>\n\n\n\n<h3 class=\"wp-block-heading\">Adh\u00e9rer ou renouveler sa cotisation en ligne<\/h3>\n\n\n\n<p>Nous utilisons le service en ligne offert par <img loading=\"lazy\" decoding=\"async\" class=\"alignnone wp-image-939\" style=\"vertical-align: middle;\" src=\"http:\/\/adn56.net\/blog\/wp-content\/uploads\/2018\/04\/helloasso-logo.png\" alt=\"\" width=\"99\" height=\"23\"> ; cliquer sur le bouton ci-dessous et suivre les consignes :<br><iframe id=\"haWidget\" style=\"width: 100%; height: 70px; border: none;\" src=\"https:\/\/www.helloasso.com\/associations\/universite-populaire-du-numerique-de-damgan\/adhesions\/adhesion-et-paiement-des-cotisations-2025-2026\/widget-bouton\"> { const dataHeight = e.data.height; const haWidgetElement = document.getElementById(&lsquo;haWidget&rsquo;); haWidgetElement.height = dataHeight + &lsquo;px&rsquo;; } )\u00a0\u00bb &gt;<\/iframe><\/p>\n\n\n\n<div style=\"width: 100%; text-align: center;\">\n<h3 style=\"text-align: left;\">Adh\u00e9sion papier<\/h3>\n<p style=\"text-align: left;\">Si vous pr\u00e9f\u00e9rez, vous pouvez remplir une fiche d&rsquo;adh\u00e9sion<a href=\"https:\/\/adn56.net\/blog\/wp-content\/uploads\/2022\/04\/adhesion5.pdf\" target=\"_blank\" rel=\"noopener\"> disponible ici<\/a> pour impression, ou nous en demander une en venant nous rencontrer \u00e0 l&rsquo;occasion d&rsquo;un troquet num\u00e9rique par exemple.<\/p>\n<hr>\n<p style=\"text-align: left;\">Le montant des cotisations est volontairement tr\u00e8s bas pour permettre \u00e0 tous de pouvoir adh\u00e9rer\u202f; si vous souhaitez soutenir financi\u00e8rement l&rsquo;association, c\u2019est d\u00e9sormais possible : <a href=\"http:\/\/adn56.net\/blog\/index.php\/soutenir-lassociation\/\">soutenir l&rsquo;association<\/a>.<\/p>\n<hr>\n<p style=\"text-align: left;\">Document utile : <a href=\"https:\/\/adn56.net\/blog\/index.php\/les-statuts\/\" target=\"_blank\" rel=\"noopener noreferrer\">les statuts de l&rsquo;association<\/a>.<\/p>\n<\/div>\n","protected":false},"excerpt":{"rendered":"<p>L&rsquo;adh\u00e9sion vous permet, en plus de nos services en ligne, d&rsquo;assister gratuitement \u00e0 tous les ateliers de votre choix. La cotisation annuelle a \u00e9t\u00e9 fix\u00e9e \u00e0 : Adh\u00e9rer ou renouveler sa cotisation en ligne Nous utilisons le service en ligne offert par ; cliquer sur le bouton ci-dessous et suivre &hellip;<\/p>\n","protected":false},"author":1,"featured_media":0,"parent":0,"menu_order":0,"comment_status":"closed","ping_status":"closed","template":"","meta":{"jetpack_post_was_ever_published":false,"footnotes":""},"class_list":["post-927","page","type-page","status-publish","hentry"],"jetpack_sharing_enabled":true,"jetpack_shortlink":"https:\/\/wp.me\/P82yvs-eX","_links":{"self":[{"href":"https:\/\/adn56.net\/blog\/index.php\/wp-json\/wp\/v2\/pages\/927","targetHints":{"allow":["GET"]}}],"collection":[{"href":"https:\/\/adn56.net\/blog\/index.php\/wp-json\/wp\/v2\/pages"}],"about":[{"href":"https:\/\/adn56.net\/blog\/index.php\/wp-json\/wp\/v2\/types\/page"}],"author":[{"embeddable":true,"href":"https:\/\/adn56.net\/blog\/index.php\/wp-json\/wp\/v2\/users\/1"}],"replies":[{"embeddable":true,"href":"https:\/\/adn56.net\/blog\/index.php\/wp-json\/wp\/v2\/comments?post=927"}],"version-history":[{"count":32,"href":"https:\/\/adn56.net\/blog\/index.php\/wp-json\/wp\/v2\/pages\/927\/revisions"}],"predecessor-version":[{"id":4903,"href":"https:\/\/adn56.net\/blog\/index.php\/wp-json\/wp\/v2\/pages\/927\/revisions\/4903"}],"wp:attachment":[{"href":"https:\/\/adn56.net\/blog\/index.php\/wp-json\/wp\/v2\/media?parent=927"}],"curies":[{"name":"wp","href":"https:\/\/api.w.org\/{rel}","templated":true}]}}