{"id":733,"date":"2018-01-18T16:19:52","date_gmt":"2018-01-18T15:19:52","guid":{"rendered":"http:\/\/adn56.net\/blog\/?page_id=733"},"modified":"2025-12-11T07:11:20","modified_gmt":"2025-12-11T06:11:20","slug":"contact","status":"publish","type":"page","link":"https:\/\/adn56.net\/blog\/index.php\/contact\/","title":{"rendered":"Contact"},"content":{"rendered":"<h3 style=\"text-align: center;\">Email<\/h3>\n<p style=\"text-align: center;\"><a href=\"mailto:contact@adn56.net\" target=\"_blank\" rel=\"noopener\">contact@adn56.net<\/a><\/p>\n<h3 style=\"text-align: center;\">T\u00e9l\u00e9phone<\/h3>\n<p style=\"text-align: center;\"><a href=\"tel:0769381787\">07 69 38 17 87<\/a><\/p>\n<h3 style=\"text-align: center;\">Adresse du troquet num\u00e9rique<\/h3>\n<p style=\"text-align: center;\">20 rue de la plage (entr\u00e9e dans la cour) \u00e0 Damgan<\/p>\n<p style=\"text-align: center;\"><img loading=\"lazy\" decoding=\"async\" class=\"aligncenter  wp-image-618\" src=\"https:\/\/adn56.net\/blog\/wp-content\/uploads\/2017\/11\/rotonde2.jpg\" alt=\"\" width=\"518\" height=\"352\" srcset=\"https:\/\/adn56.net\/blog\/wp-content\/uploads\/2017\/11\/rotonde2.jpg 737w, https:\/\/adn56.net\/blog\/wp-content\/uploads\/2017\/11\/rotonde2-300x204.jpg 300w\" sizes=\"auto, (max-width: 518px) 100vw, 518px\" \/><\/p>\n<h3 style=\"text-align: center;\">Adresse pour le courrier<\/h3>\n<p style=\"text-align: center;\">18, rue des r\u00e9cifs<br \/>\n56750 Damgan<\/p>\n<p>Si vous souhaitez contacter un membre du bureau, vous pouvez consulter <a href=\"https:\/\/adn56.net\/blog\/index.php\/le-bureau\/\">cette page<\/a>.<\/p>\n","protected":false},"excerpt":{"rendered":"<p>Email contact@adn56.net T\u00e9l\u00e9phone 07 69 38 17 87 Adresse du troquet num\u00e9rique 20 rue de la plage (entr\u00e9e dans la cour) \u00e0 Damgan Adresse pour le courrier 18, rue des r\u00e9cifs 56750 Damgan Si vous souhaitez contacter un membre du bureau, vous pouvez consulter cette page.<\/p>\n","protected":false},"author":1,"featured_media":735,"parent":0,"menu_order":0,"comment_status":"closed","ping_status":"closed","template":"","meta":{"jetpack_post_was_ever_published":false,"footnotes":""},"class_list":["post-733","page","type-page","status-publish","has-post-thumbnail","hentry"],"jetpack_sharing_enabled":true,"jetpack_shortlink":"https:\/\/wp.me\/P82yvs-bP","_links":{"self":[{"href":"https:\/\/adn56.net\/blog\/index.php\/wp-json\/wp\/v2\/pages\/733","targetHints":{"allow":["GET"]}}],"collection":[{"href":"https:\/\/adn56.net\/blog\/index.php\/wp-json\/wp\/v2\/pages"}],"about":[{"href":"https:\/\/adn56.net\/blog\/index.php\/wp-json\/wp\/v2\/types\/page"}],"author":[{"embeddable":true,"href":"https:\/\/adn56.net\/blog\/index.php\/wp-json\/wp\/v2\/users\/1"}],"replies":[{"embeddable":true,"href":"https:\/\/adn56.net\/blog\/index.php\/wp-json\/wp\/v2\/comments?post=733"}],"version-history":[{"count":12,"href":"https:\/\/adn56.net\/blog\/index.php\/wp-json\/wp\/v2\/pages\/733\/revisions"}],"predecessor-version":[{"id":5105,"href":"https:\/\/adn56.net\/blog\/index.php\/wp-json\/wp\/v2\/pages\/733\/revisions\/5105"}],"wp:featuredmedia":[{"embeddable":true,"href":"https:\/\/adn56.net\/blog\/index.php\/wp-json\/wp\/v2\/media\/735"}],"wp:attachment":[{"href":"https:\/\/adn56.net\/blog\/index.php\/wp-json\/wp\/v2\/media?parent=733"}],"curies":[{"name":"wp","href":"https:\/\/api.w.org\/{rel}","templated":true}]}}