{"id":19,"date":"2016-09-18T11:37:24","date_gmt":"2016-09-18T09:37:24","guid":{"rendered":"http:\/\/adn56.net\/blog\/?page_id=19"},"modified":"2025-02-19T14:49:40","modified_gmt":"2025-02-19T13:49:40","slug":"qui-sommes-nous","status":"publish","type":"page","link":"https:\/\/adn56.net\/blog\/index.php\/qui-sommes-nous\/","title":{"rendered":"Qui sommes-nous?"},"content":{"rendered":"<p>L&rsquo;Universit\u00e9 Populaire du Num\u00e9rique de Damgan est une association bas\u00e9e \u00e0 Damgan (sud Morbihan).<\/p>\n<p>Elle est n\u00e9e du constat que de nombreux citoyens se sentent d\u00e9pass\u00e9s par la r\u00e9volution num\u00e9rique.<\/p>\n<p>Les ordinateurs, internet, le num\u00e9rique, les donn\u00e9es,&#8230;, qu&rsquo;est-ce que tous ces termes recouvrent?<\/p>\n<p>Nous souhaitons mettre en relation ceux qui savent et ceux qui veulent apprendre, et dans la mesure de nos modestes moyens, partager du savoir.<\/p>\n<p>Ouvert \u00e0 toutes et \u00e0 tous, peu importe l&rsquo;\u00e2ge, peu importe le niveau.<\/p>\n<p><img loading=\"lazy\" decoding=\"async\" class=\"alignnone size-full wp-image-21\" src=\"http:\/\/adn56.net\/blog\/wp-content\/uploads\/2016\/09\/upnd-panel.png\" alt=\"upnd-panel\" width=\"1313\" height=\"705\" srcset=\"https:\/\/adn56.net\/blog\/wp-content\/uploads\/2016\/09\/upnd-panel.png 1313w, https:\/\/adn56.net\/blog\/wp-content\/uploads\/2016\/09\/upnd-panel-300x161.png 300w, https:\/\/adn56.net\/blog\/wp-content\/uploads\/2016\/09\/upnd-panel-768x412.png 768w, https:\/\/adn56.net\/blog\/wp-content\/uploads\/2016\/09\/upnd-panel-1024x550.png 1024w\" sizes=\"auto, (max-width: 1313px) 100vw, 1313px\" \/><\/p>\n","protected":false},"excerpt":{"rendered":"<p>L&rsquo;Universit\u00e9 Populaire du Num\u00e9rique de Damgan est une association bas\u00e9e \u00e0 Damgan (sud Morbihan). Elle est n\u00e9e du constat que de nombreux citoyens se sentent d\u00e9pass\u00e9s par la r\u00e9volution num\u00e9rique. Les ordinateurs, internet, le num\u00e9rique, les donn\u00e9es,&#8230;, qu&rsquo;est-ce que tous ces termes recouvrent? Nous souhaitons mettre en relation ceux qui &hellip;<\/p>\n","protected":false},"author":1,"featured_media":0,"parent":0,"menu_order":0,"comment_status":"closed","ping_status":"closed","template":"","meta":{"jetpack_post_was_ever_published":false,"footnotes":""},"class_list":["post-19","page","type-page","status-publish","hentry"],"jetpack_sharing_enabled":true,"jetpack_shortlink":"https:\/\/wp.me\/P82yvs-j","_links":{"self":[{"href":"https:\/\/adn56.net\/blog\/index.php\/wp-json\/wp\/v2\/pages\/19","targetHints":{"allow":["GET"]}}],"collection":[{"href":"https:\/\/adn56.net\/blog\/index.php\/wp-json\/wp\/v2\/pages"}],"about":[{"href":"https:\/\/adn56.net\/blog\/index.php\/wp-json\/wp\/v2\/types\/page"}],"author":[{"embeddable":true,"href":"https:\/\/adn56.net\/blog\/index.php\/wp-json\/wp\/v2\/users\/1"}],"replies":[{"embeddable":true,"href":"https:\/\/adn56.net\/blog\/index.php\/wp-json\/wp\/v2\/comments?post=19"}],"version-history":[{"count":7,"href":"https:\/\/adn56.net\/blog\/index.php\/wp-json\/wp\/v2\/pages\/19\/revisions"}],"predecessor-version":[{"id":4680,"href":"https:\/\/adn56.net\/blog\/index.php\/wp-json\/wp\/v2\/pages\/19\/revisions\/4680"}],"wp:attachment":[{"href":"https:\/\/adn56.net\/blog\/index.php\/wp-json\/wp\/v2\/media?parent=19"}],"curies":[{"name":"wp","href":"https:\/\/api.w.org\/{rel}","templated":true}]}}