{"id":1620,"date":"2019-04-01T19:19:53","date_gmt":"2019-04-01T17:19:53","guid":{"rendered":"https:\/\/adn56.net\/blog\/?page_id=1620"},"modified":"2025-11-04T07:33:15","modified_gmt":"2025-11-04T06:33:15","slug":"les-statuts","status":"publish","type":"page","link":"https:\/\/adn56.net\/blog\/index.php\/les-statuts\/","title":{"rendered":"Les statuts"},"content":{"rendered":"<p>STATUTS<\/p>\n<p><strong>ARTICLE 1 &#8211; NOM<\/strong><\/p>\n<p>Il est fond\u00e9 entre les adh\u00e9rents aux pr\u00e9sents statuts une association r\u00e9gie par la loi du 1er juillet 1901 et le d\u00e9cret du 16 ao\u00fbt 1901, ayant pour titre : Universit\u00e9 populaire du num\u00e9rique de Damgan.<\/p>\n<p><strong>ARTICLE 2 &#8211; OBJET<\/strong><\/p>\n<p>Cette association a pour objet de promouvoir l&rsquo;\u00e9ducation dans tous les domaines du num\u00e9rique (informatique, internet, bureautique, \u00e9lectronique\u2026).<br \/>\nL&rsquo;association est ouverte aux personnes de tous les \u00e2ges et de tous les niveaux. L&rsquo;objectif est le partage et l&rsquo;entraide, la mise en relation au niveau local de ceux qui ont besoin d&rsquo;aide ou veulent apprendre, avec ceux qui peuvent aider, enseigner.<\/p>\n<p><strong>ARTICLE 3 &#8211; SI\u00c8GE SOCIAL<\/strong><\/p>\n<p>Le si\u00e8ge social est fix\u00e9 au 18 rue des R\u00e9cifs 56750 Damgan.<br \/>\nIl pourra \u00eatre transf\u00e9r\u00e9 par simple d\u00e9cision du bureau.<\/p>\n<p><strong>Article 4 &#8211; DUR\u00c9E<\/strong><\/p>\n<p>La dur\u00e9e de l\u2019association est illimit\u00e9e.<\/p>\n<p><strong>ARTICLE 5 &#8211; COMPOSITION<\/strong><\/p>\n<p>L&rsquo;association se compose d&rsquo;adh\u00e9rents. Seules les personnes physiques n\u2019ayant pas d\u2019int\u00e9r\u00eat financier dans la gestion de l\u2019association peuvent adh\u00e9rer.<\/p>\n<p><strong>ARTICLE 6 &#8211; ADMISSION<\/strong><\/p>\n<p>L\u2019association est ouverte \u00e0 tous, sans condition ni distinction.<\/p>\n<p><strong>ARTICLE 7 &#8211; ADH\u00c9RENTS \u2013 COTISATIONS<\/strong><\/p>\n<p>Sont adh\u00e9rents ceux qui sont \u00e0 jour de leur cotisation annuelle.<\/p>\n<p><strong>ARTICLE 8 &#8211; RADIATIONS<\/strong><\/p>\n<p>La qualit\u00e9 d&rsquo;adh\u00e9rent se perd par :<br \/>\na) La d\u00e9mission;<br \/>\nb) Le d\u00e9c\u00e8s;<br \/>\nc) La radiation prononc\u00e9e par le bureau pour non-paiement de la cotisation ou pour motif grave.<\/p>\n<p><strong>ARTICLE 9 &#8211; AFFILIATION<\/strong><\/p>\n<p>L&rsquo;association peut adh\u00e9rer \u00e0 d\u2019autres associations, unions ou regroupements par d\u00e9cision du bureau.<\/p>\n<p><strong>ARTICLE 10 &#8211; RESSOURCES<\/strong><\/p>\n<p>Les ressources de l&rsquo;association comprennent :<br \/>\n1\u00b0 Le montant des cotisations;<br \/>\n2\u00b0 Les subventions;<br \/>\n3\u00b0 Toutes les ressources autoris\u00e9es par les lois et r\u00e8glements en vigueur.<\/p>\n<p><strong>ARTICLE 11 &#8211; ASSEMBL\u00c9E G\u00c9N\u00c9RALE ORDINAIRE<\/strong><\/p>\n<p>L&rsquo;assembl\u00e9e g\u00e9n\u00e9rale ordinaire comprend tous les adh\u00e9rents de l&rsquo;association. Elle se r\u00e9unit chaque ann\u00e9e. Trois semaines au moins avant la date fix\u00e9e, les adh\u00e9rents de l&rsquo;association sont convoqu\u00e9s par courrier postal ou \u00e9lectronique. L&rsquo;ordre du jour figure sur les convocations et comprend un pouvoir.<br \/>\nLe pr\u00e9sident, assist\u00e9 des membres du bureau, pr\u00e9side l&rsquo;assembl\u00e9e et expose le rapport d&rsquo;activit\u00e9 de l&rsquo;association.<br \/>\nLe tr\u00e9sorier rend compte de sa gestion et soumet les comptes annuels \u00e0 l&rsquo;approbation de l&rsquo;assembl\u00e9e.<br \/>\nL\u2019assembl\u00e9e g\u00e9n\u00e9rale fixe le montant des cotisations annuelles.<br \/>\nIl est proc\u00e9d\u00e9 \u00e9galement au renouvellement des membres du bureau.<br \/>\nNe peuvent \u00eatre abord\u00e9s que les points inscrits \u00e0 l&rsquo;ordre du jour.<\/p>\n<p>Les adh\u00e9rents peuvent soumettre des questions \u00e0 ajouter \u00e0 l&rsquo;ordre du jour au plus tard une semaine avant la date de l&rsquo;AG.<\/p>\n<p>Les d\u00e9cisions sont prises \u00e0 la majorit\u00e9 des voix des adh\u00e9rents pr\u00e9sents et repr\u00e9sent\u00e9s.<\/p>\n<p>Toutes les d\u00e9lib\u00e9rations sont prises \u00e0 main lev\u00e9e. Si la majorit\u00e9 des pr\u00e9sents et repr\u00e9sent\u00e9s le d\u00e9cide, l&rsquo;\u00e9lection des membres du bureau peut se faire \u00e0 bulletin secret.<\/p>\n<p>Les d\u00e9cisions des assembl\u00e9es g\u00e9n\u00e9rales s\u2019imposent \u00e0 tous les adh\u00e9rents, y compris absents ou repr\u00e9sent\u00e9s.<\/p>\n<p><strong>ARTICLE 12 &#8211; ASSEMBL\u00c9E G\u00c9N\u00c9RALE EXTRAORDINAIRE<\/strong><\/p>\n<p>Si besoin est, ou sur la demande de la moiti\u00e9 plus un des adh\u00e9rents, le pr\u00e9sident peut convoquer une assembl\u00e9e g\u00e9n\u00e9rale extraordinaire pour modification des statuts, ou dissolution, ou pour des actes portant sur des immeubles.<\/p>\n<p>Les modalit\u00e9s de convocation sont les m\u00eames que pour l\u2019assembl\u00e9e g\u00e9n\u00e9rale ordinaire.<\/p>\n<p>Les d\u00e9lib\u00e9rations sont prises \u00e0 la majorit\u00e9 des adh\u00e9rents pr\u00e9sents ou et repr\u00e9sent\u00e9s.<\/p>\n<p><strong>ARTICLE 13 \u2013 LE BUREAU<\/strong><\/p>\n<p>L&rsquo;association est pilot\u00e9e par le bureau.<\/p>\n<p>Le bureau est compos\u00e9 de :<\/p>\n<p>&#8211; Un-e- pr\u00e9sident-e- ;<br \/>\n&#8211; Un-e- ou plusieurs vice-pr\u00e9sident-e-s ;<br \/>\n&#8211; Un-e- secr\u00e9taire et, s&rsquo;il y a lieu, un-e- secr\u00e9taire adjoint-e-;<br \/>\n&#8211; Un-e- tr\u00e9sorier-e-, et, si besoin est, un-e- tr\u00e9sorier-e- adjoint-e-.<br \/>\n&#8211; Peuvent \u00eatre ajout\u00e9s un ou plusieurs membres du bureau sans affectation pr\u00e9cise.<\/p>\n<p>Les membres du bureau sont \u00e9lus pour un an par l&rsquo;assembl\u00e9e g\u00e9n\u00e9rale, et sont r\u00e9\u00e9ligibles.<\/p>\n<p><strong>ARTICLE 14 \u2013 INDEMNIT\u00c9S<\/strong><\/p>\n<p>Toutes les fonctions, y compris celles des membres du bureau, sont gratuites et b\u00e9n\u00e9voles. Seuls les frais occasionn\u00e9s par l\u2019accomplissement de leur mandat sont rembours\u00e9s aux adh\u00e9rents sur justificatifs. Le rapport financier pr\u00e9sent\u00e9 \u00e0 l\u2019assembl\u00e9e g\u00e9n\u00e9rale ordinaire pr\u00e9sente, par b\u00e9n\u00e9ficiaire, les remboursements de frais de mission, de d\u00e9placement ou de repr\u00e9sentation.<\/p>\n<p><strong>ARTICLE &#8211; 15 &#8211; R\u00c8GLEMENT INT\u00c9RIEUR<\/strong><\/p>\n<p>Un r\u00e8glement int\u00e9rieur peut \u00eatre \u00e9tabli par le bureau, qui le fait alors approuver par l&rsquo;assembl\u00e9e g\u00e9n\u00e9rale. Ce r\u00e8glement \u00e9ventuel est destin\u00e9 \u00e0 fixer les divers points non pr\u00e9vus par les pr\u00e9sents statuts, notamment ceux qui ont trait \u00e0 l&rsquo;administration interne de l&rsquo;association.<\/p>\n<p><strong>ARTICLE \u2013 16 &#8211; DISSOLUTION<\/strong><\/p>\n<p>En cas de dissolution prononc\u00e9e selon les modalit\u00e9s pr\u00e9vues \u00e0 l\u2019article 12, un ou plusieurs liquidateurs sont nomm\u00e9s, et l&rsquo;actif, s&rsquo;il y a lieu, est d\u00e9volu conform\u00e9ment aux d\u00e9cisions de l\u2019assembl\u00e9e g\u00e9n\u00e9rale extraordinaire qui statue sur la dissolution. Cet actif ne pourra \u00eatre d\u00e9volu qu\u2019\u00e0 une ou plusieurs associations Loi 1901. L&rsquo;actif net ne peut \u00eatre d\u00e9volu \u00e0 un membre de l&rsquo;association, m\u00eame partiellement, sauf reprise d&rsquo;un apport.<\/p>\n<p>Fait \u00e0 Damgan, le 31 mars 2019<\/p>\n<p>&nbsp;<\/p>\n<p>Version pdf \u00e0<a href=\"https:\/\/adn56.net\/blog\/wp-content\/uploads\/2025\/11\/Statuts-adoptesle31mars2019.pdf\" target=\"_blank\" rel=\"noopener\"> t\u00e9l\u00e9charger ici.<\/a><\/p>\n","protected":false},"excerpt":{"rendered":"<p>STATUTS ARTICLE 1 &#8211; NOM Il est fond\u00e9 entre les adh\u00e9rents aux pr\u00e9sents statuts une association r\u00e9gie par la loi du 1er juillet 1901 et le d\u00e9cret du 16 ao\u00fbt 1901, ayant pour titre : Universit\u00e9 populaire du num\u00e9rique de Damgan. ARTICLE 2 &#8211; OBJET Cette association a pour objet &hellip;<\/p>\n","protected":false},"author":2,"featured_media":0,"parent":0,"menu_order":0,"comment_status":"closed","ping_status":"closed","template":"","meta":{"jetpack_post_was_ever_published":false,"footnotes":""},"class_list":["post-1620","page","type-page","status-publish","hentry"],"jetpack_sharing_enabled":true,"jetpack_shortlink":"https:\/\/wp.me\/P82yvs-q8","_links":{"self":[{"href":"https:\/\/adn56.net\/blog\/index.php\/wp-json\/wp\/v2\/pages\/1620","targetHints":{"allow":["GET"]}}],"collection":[{"href":"https:\/\/adn56.net\/blog\/index.php\/wp-json\/wp\/v2\/pages"}],"about":[{"href":"https:\/\/adn56.net\/blog\/index.php\/wp-json\/wp\/v2\/types\/page"}],"author":[{"embeddable":true,"href":"https:\/\/adn56.net\/blog\/index.php\/wp-json\/wp\/v2\/users\/2"}],"replies":[{"embeddable":true,"href":"https:\/\/adn56.net\/blog\/index.php\/wp-json\/wp\/v2\/comments?post=1620"}],"version-history":[{"count":7,"href":"https:\/\/adn56.net\/blog\/index.php\/wp-json\/wp\/v2\/pages\/1620\/revisions"}],"predecessor-version":[{"id":5035,"href":"https:\/\/adn56.net\/blog\/index.php\/wp-json\/wp\/v2\/pages\/1620\/revisions\/5035"}],"wp:attachment":[{"href":"https:\/\/adn56.net\/blog\/index.php\/wp-json\/wp\/v2\/media?parent=1620"}],"curies":[{"name":"wp","href":"https:\/\/api.w.org\/{rel}","templated":true}]}}