{"id":1271,"date":"2018-10-15T10:15:18","date_gmt":"2018-10-15T08:15:18","guid":{"rendered":"https:\/\/adn56.net\/blog\/?page_id=1271"},"modified":"2025-10-07T17:21:50","modified_gmt":"2025-10-07T15:21:50","slug":"le-bureau","status":"publish","type":"page","link":"https:\/\/adn56.net\/blog\/index.php\/le-bureau\/","title":{"rendered":"Le bureau"},"content":{"rendered":"\n<p>Bureau \u00e9lu lors de l&rsquo;Assembl\u00e9e g\u00e9n\u00e9rale du 21 septembre 2025<\/p>\n<div class=\"trombijc\"><hr>\n<div class=\"trombitem\">\n<div class=\"trombiface\"><img decoding=\"async\" class=\"alignnone size-thumbnail wp-image-117\" src=\"https:\/\/adn56.net\/blog\/wp-content\/uploads\/2018\/10\/pierre.jpg\" alt=\"Pierre Bleiberg\"><\/div>\n<div class=\"trombidesc\"><span class=\"trombidesc-name\">Pierre BLEIBERG<\/span><br><span class=\"trombidesc-title\">Vice-pr\u00e9sident<\/span><br><span class=\"trombidesc-email\">vice-president@adn56.net<\/span><\/div>\n<\/div>\n<hr>\n<div class=\"trombitem\">\n<div class=\"trombiface\"><img decoding=\"async\" class=\"alignnone size-thumbnail wp-image-117\" src=\"https:\/\/adn56.net\/blog\/wp-content\/uploads\/2022\/10\/jpcaware-photo-adn56-e1666686778358.jpg\" alt=\"Jean-Pierre Castello\"><\/div>\n<div class=\"trombidesc\"><span class=\"trombidesc-name\">Jean-Pierre CASTELLO<\/span><br><span class=\"trombidesc-title\">Secr\u00e9taire<\/span><br><span class=\"trombidesc-email\">secretaire@adn56.net<\/span><\/div><\/div>\n<\/div>\n\n<hr>\n<div class=\"trombitem\">\n<div class=\"trombiface\"><img decoding=\"async\" class=\"alignnone size-thumbnail wp-image-117\" src=\"https:\/\/adn56.net\/blog\/wp-content\/uploads\/2018\/10\/jerome.jpg\" alt=\"jerome choain\"><\/div>\n<div class=\"trombidesc\"><span class=\"trombidesc-name\">J\u00e9r\u00f4me CHOAIN<\/span><br><span class=\"trombidesc-title\">Pr\u00e9sident<\/span><br><span class=\"trombidesc-email\">president@adn56.net<\/span><\/div>\n<\/div>\n<hr>\n<div class=\"trombitem\">\n<div class=\"trombiface\"><img decoding=\"async\" class=\"alignnone size-thumbnail wp-image-117\" src=\"https:\/\/adn56.net\/blog\/wp-content\/uploads\/2021\/11\/albert-e1638192037887.png\" alt=\"Albert Cl\u00e9quin\"><\/div>\n<div class=\"trombidesc\"><span class=\"trombidesc-name\">Albert CLEQUIN<\/span><br><span class=\"trombidesc-title\">Membre du bureau<\/span><\/div>\n<\/div>\n<\/div>\n\n<hr>\n\n<div class=\"trombitem\">\n<div class=\"trombiface\"><img decoding=\"async\" class=\"alignnone size-thumbnail wp-image-117\" src=\"https:\/\/adn56.net\/blog\/wp-content\/uploads\/2025\/10\/cyril2.jpg\" alt=\"Cyril Guiguian\"><\/div>\n<div class=\"trombidesc\"><span class=\"trombidesc-name\">Cyril GUIGUIAN<\/span><br><span class=\"trombidesc-title\">Membre du bureau<\/span><br>\n<\/div>\n<hr>\n\n<div class=\"trombitem\">\n<div class=\"trombiface\"><img decoding=\"async\" class=\"alignnone size-thumbnail wp-image-117\" src=\"https:\/\/adn56.net\/blog\/wp-content\/uploads\/2023\/10\/jean-huet.jpg\" alt=\"Jean Huet\"><\/div>\n<div class=\"trombidesc\"><span class=\"trombidesc-name\">Jean HUET<\/span><br><span class=\"trombidesc-title\">Membre du bureau<\/span><\/div>\n<\/div>\n<hr>\n\n<div class=\"trombitem\">\n<div class=\"trombiface\"><img decoding=\"async\" class=\"alignnone size-thumbnail wp-image-117\" src=\"https:\/\/adn56.net\/blog\/wp-content\/uploads\/2021\/11\/Daniel_256x256.jpg\" alt=\"Daniel Lafay\"><\/div>\n<div class=\"trombidesc\"><span class=\"trombidesc-name\">Daniel LAFAY<\/span><br><span class=\"trombidesc-title\">Membre du bureau<\/span><\/div>\n<\/div>\n\n<hr>\n<div class=\"trombitem\">\n<div class=\"trombiface\"><img decoding=\"async\" class=\"alignnone size-thumbnail wp-image-117\" src=\"https:\/\/adn56.net\/blog\/wp-content\/uploads\/2018\/10\/sylvaine.jpg\" alt=\"Sylvaine Le Torriellec\"><\/div>\n<div class=\"trombidesc\"><span class=\"trombidesc-name\">Sylvaine LE TORRIELLEC<\/span><br><span class=\"trombidesc-title\">Tr\u00e9sori\u00e8re<\/span><br><span class=\"trombidesc-email\">tresoriere@adn56.net<\/span><\/div>\n<\/div>\n","protected":false},"excerpt":{"rendered":"<p>Bureau \u00e9lu lors de l&rsquo;Assembl\u00e9e g\u00e9n\u00e9rale du 21 septembre 2025 Pierre BLEIBERGVice-pr\u00e9sidentvice-president@adn56.net Jean-Pierre CASTELLOSecr\u00e9tairesecretaire@adn56.net J\u00e9r\u00f4me CHOAINPr\u00e9sidentpresident@adn56.net Albert CLEQUINMembre du bureau Cyril GUIGUIANMembre du bureau Jean HUETMembre du bureau Daniel LAFAYMembre du bureau Sylvaine LE TORRIELLECTr\u00e9sori\u00e8retresoriere@adn56.net<\/p>\n","protected":false},"author":1,"featured_media":0,"parent":0,"menu_order":0,"comment_status":"closed","ping_status":"closed","template":"","meta":{"jetpack_post_was_ever_published":false,"footnotes":""},"class_list":["post-1271","page","type-page","status-publish","hentry"],"jetpack_sharing_enabled":true,"jetpack_shortlink":"https:\/\/wp.me\/P82yvs-kv","_links":{"self":[{"href":"https:\/\/adn56.net\/blog\/index.php\/wp-json\/wp\/v2\/pages\/1271","targetHints":{"allow":["GET"]}}],"collection":[{"href":"https:\/\/adn56.net\/blog\/index.php\/wp-json\/wp\/v2\/pages"}],"about":[{"href":"https:\/\/adn56.net\/blog\/index.php\/wp-json\/wp\/v2\/types\/page"}],"author":[{"embeddable":true,"href":"https:\/\/adn56.net\/blog\/index.php\/wp-json\/wp\/v2\/users\/1"}],"replies":[{"embeddable":true,"href":"https:\/\/adn56.net\/blog\/index.php\/wp-json\/wp\/v2\/comments?post=1271"}],"version-history":[{"count":14,"href":"https:\/\/adn56.net\/blog\/index.php\/wp-json\/wp\/v2\/pages\/1271\/revisions"}],"predecessor-version":[{"id":4989,"href":"https:\/\/adn56.net\/blog\/index.php\/wp-json\/wp\/v2\/pages\/1271\/revisions\/4989"}],"wp:attachment":[{"href":"https:\/\/adn56.net\/blog\/index.php\/wp-json\/wp\/v2\/media?parent=1271"}],"curies":[{"name":"wp","href":"https:\/\/api.w.org\/{rel}","templated":true}]}}